{"id":23,"date":"2023-08-05T10:34:43","date_gmt":"2023-08-05T08:34:43","guid":{"rendered":"https:\/\/www.morenorenting.it\/?page_id=23"},"modified":"2023-09-25T10:41:46","modified_gmt":"2023-09-25T08:41:46","slug":"faq","status":"publish","type":"page","link":"https:\/\/www.morenorenting.it\/it\/faq\/","title":{"rendered":"FAQ"},"content":{"rendered":"<\/div>\t<div class=\"heropage-pagina relative z-5 text-white bg-l-blue-700 \" id=\"block_b5dbf5cec0360d1e223b5311da0a6aeb\">\n\n\n\t<div class=\"container mx-auto\">\n\t<div class=\"img-cont\">\n\n\t<div class=\"inner-text col-start-1 col-span-12 \">\n\t\t\t\n\n<h1 class=\"wp-block-heading has-text-align-center\"><strong>FAQ<\/strong><\/h1>\n\n\n\n<div class=\"wp-block-columns is-layout-flex wp-container-core-columns-is-layout-9d6595d7 wp-block-columns-is-layout-flex\">\n<div class=\"wp-block-column is-layout-flow wp-block-column-is-layout-flow\" style=\"flex-basis:25%\"><\/div>\n\n\n\n<div class=\"wp-block-column is-layout-flow wp-block-column-is-layout-flow\" style=\"flex-basis:50%\">\n<p class=\"has-text-align-center has-x-large-font-size\">Chi, cosa, come e quando. In questa sezione troverai risposte ai tuoi dubbi relativi al noleggio di un mezzo.<\/p>\n<\/div>\n\n\n\n<div class=\"wp-block-column is-layout-flow wp-block-column-is-layout-flow\" style=\"flex-basis:25%\"><\/div>\n<\/div>\n\n\t\t<\/div>\n\t\n<div class=\"anicircle -right-[380px] -top-[380px] blue\">\n<svg id=\"circle\" version=\"1.1\" xmlns=\"http:\/\/www.w3.org\/2000\/svg\" xmlns:xlink=\"http:\/\/www.w3.org\/1999\/xlink\" x=\"0px\" y=\"0px\" viewBox=\"0 0 680 680\" style=\"enable-background:new 0 0 680 680;\" xml:space=\"preserve\">\n<circle cx=\"340\" cy=\"340\" r=\"280\"\/>\n<\/svg>\n<\/div>\n\n<div class=\"anicircle -left-[320px] -bottom-[380px] blue\">\n<svg id=\"circle\" version=\"1.1\" xmlns=\"http:\/\/www.w3.org\/2000\/svg\" xmlns:xlink=\"http:\/\/www.w3.org\/1999\/xlink\" x=\"0px\" y=\"0px\" viewBox=\"0 0 680 680\" style=\"enable-background:new 0 0 680 680;\" xml:space=\"preserve\">\n<circle cx=\"340\" cy=\"340\" r=\"280\"\/>\n<\/svg>\n<\/div>\n\n\t<\/div>\n\n\n\t<\/div>\n\t <\/div>\n<div class=\"container mx-auto\">\n\n<\/div><div class=\"accordion\" id=\"faq-block_bc9f4c49a32c97703e1db070d837648f\">\n<div class=\" container mx-auto\">\n        <section class=\"faq-pagina\">\n\t\t<div class=\"sticky-img\">\n\t\t\t<div class=\"img_1 gradient-img\">\n\t\t\t\t<img loading=\"lazy\" decoding=\"async\" width=\"1662\" height=\"2245\" src=\"https:\/\/www.morenorenting.it\/wp-content\/uploads\/2023\/08\/screenshot-2023-05-29-alle-15-46-32@3x.webp\" class=\"attachment-full size-full\" alt=\"furgone moreno renting\" srcset=\"https:\/\/www.morenorenting.it\/wp-content\/uploads\/2023\/08\/screenshot-2023-05-29-alle-15-46-32@3x.webp 1662w, https:\/\/www.morenorenting.it\/wp-content\/uploads\/2023\/08\/screenshot-2023-05-29-alle-15-46-32@3x-222x300.webp 222w, https:\/\/www.morenorenting.it\/wp-content\/uploads\/2023\/08\/screenshot-2023-05-29-alle-15-46-32@3x-758x1024.webp 758w, https:\/\/www.morenorenting.it\/wp-content\/uploads\/2023\/08\/screenshot-2023-05-29-alle-15-46-32@3x-768x1037.webp 768w, https:\/\/www.morenorenting.it\/wp-content\/uploads\/2023\/08\/screenshot-2023-05-29-alle-15-46-32@3x-1137x1536.webp 1137w, https:\/\/www.morenorenting.it\/wp-content\/uploads\/2023\/08\/screenshot-2023-05-29-alle-15-46-32@3x-1516x2048.webp 1516w\" sizes=\"auto, (max-width: 1662px) 100vw, 1662px\" \/>\t\t<\/div>\n\t\t<\/div>\n\t\t\t<div class=\"cont-text\">\n            <h2>Domande frequenti<\/h2>\n            <h3 class=\"btn-accordion \" data-target=\"faq-1\" data-height=\"0\">Che cosa si intende per giornata di noleggio?<\/h3>\n        <div class=\"inner-text \" style=\"max-height:700px;\" id=\"faq-1\">\n    <div class=\"content\">\n    <p>Una giornata di noleggio \u00e8 considerata di 24 ore, calcolate dal momento del ritiro del veicolo; trascorso tale periodo verr\u00e0 applicata una tolleranza di 1 ora e 59 minuti.<\/p>\n    <\/div><\/div>\n            <h3 class=\"btn-accordion collapsed\" data-target=\"faq-2\" data-height=\"0\">Quali sono i documenti necessari al noleggio?<\/h3>\n        <div class=\"inner-text collapsed\"  id=\"faq-2\">\n    <div class=\"content\">\n    <p>Per poter noleggiare \u00e8 necessario avere con s\u00e9 documento d\u2019identit\u00e0 e patente in corso di validit\u00e0, carta di credito e dati societari in caso di fatturazione ad azienda.<\/p>\n    <\/div><\/div>\n            <h3 class=\"btn-accordion collapsed\" data-target=\"faq-3\" data-height=\"0\">Quali sono i limiti di et\u00e0 previsti per noleggiare un veicolo?<\/h3>\n        <div class=\"inner-text collapsed\"  id=\"faq-3\">\n    <div class=\"content\">\n    <p>Tutti i conducenti autorizzati dovranno avere un\u2019et\u00e0 superiore ai 18 anni compiuti.<\/p>\n<p>Per la guida di persone al di sotto dei 25 anni di et\u00e0 e di persone al di sopra dei 75 anni di et\u00e0, \u00e8 consentito l\u2019accesso al noleggio con applicazione di un supplemento giornaliero.<\/p>\n    <\/div><\/div>\n            <h3 class=\"btn-accordion collapsed\" data-target=\"faq-4\" data-height=\"0\">Quali coperture assicurative sono incluse in caso d\u2019incidente?<\/h3>\n        <div class=\"inner-text collapsed\"  id=\"faq-4\">\n    <div class=\"content\">\n    <p>Tutti i nostri veicoli sono assicurati con copertura RC a norma delle vigenti leggi. Inoltre, includiamo nella tariffa di noleggio le coperture kasko, furto, incendio, eventi sociopolitici\/naturali e cristalli, che proteggono i nostri clienti in caso di danni al veicolo.<\/p>\n<p>Per includere altri servizi assicurativi e ridurre ulteriormente le penalit\u00e0, ti invitiamo a contattare i nostri punti di noleggio.<\/p>\n    <\/div><\/div>\n            <h3 class=\"btn-accordion collapsed\" data-target=\"faq-5\" data-height=\"0\">I veicoli possono circolare solo sul suolo italiano?<\/h3>\n        <div class=\"inner-text collapsed\"  id=\"faq-5\">\n    <div class=\"content\">\n    <p>Tutti i nostri veicoli possono circolare sul suolo italiano secondo le norme di legge vigenti.<\/p>\n<p>Per circolare in territori extra Italia ti invitiamo a contattare i nostri punti di noleggio.<\/p>\n    <\/div><\/div>\n            <h3 class=\"btn-accordion collapsed\" data-target=\"faq-6\" data-height=\"0\">I veicoli sono equipaggiati con catene da neve o pneumatici invernali?<\/h3>\n        <div class=\"inner-text collapsed\"  id=\"faq-6\">\n    <div class=\"content\">\n    <p>S\u00ec, tutti i nostri veicoli rispettano la normativa vigente e sono dotati di catene da neve o pneumatici invernali.<\/p>\n<p>Per esigenze specifiche sugli equipaggiamenti invernali, ti invitiamo a contattare i nostri punti di noleggio.<\/p>\n    <\/div><\/div>\n            <h3 class=\"btn-accordion collapsed\" data-target=\"faq-7\" data-height=\"0\">Cosa fare in caso di guasto?<\/h3>\n        <div class=\"inner-text collapsed\"  id=\"faq-7\">\n    <div class=\"content\">\n    <p>In caso di guasto, o a seguito di incidente che renda il veicolo non marciante, ti invitiamo a chiamare la nostra assistenza, attiva H24 7\/7, e seguire le istruzioni del nostro operatore.<\/p>\n<p>Puoi trovare il numero da contattare sul tuo contratto di noleggio, sul veicolo e sulle nostre pagine web.<\/p>\n    <\/div><\/div>\n            <h3 class=\"btn-accordion collapsed\" data-target=\"faq-8\" data-height=\"0\">Come prolungare il noleggio o comunicare una riconsegna in ritardo?<\/h3>\n        <div class=\"inner-text collapsed\"  id=\"faq-8\">\n    <div class=\"content\">\n    <p>Per prolungare il noleggio o comunicare un ritardo per la riconsegna puoi contattare il punto di noleggio presso il quale hai ritirato il veicolo.<\/p>\n<p>Le tariffe di noleggio sono giornaliere, dunque, se la variazione richiesta dovesse portare ad un giorno extra, ti potrebbe essere richiesto un pagamento aggiuntivo da effettuare alla riconsegna del veicolo.<\/p>\n    <\/div><\/div>\n            <h3 class=\"btn-accordion collapsed\" data-target=\"faq-9\" data-height=\"0\">Cosa fare in caso di multa\/contravvenzione durante il noleggio?<\/h3>\n        <div class=\"inner-text collapsed\"  id=\"faq-9\">\n    <div class=\"content\">\n    <p>L\u2019Autorit\u00e0 che ha emesso la contravvenzione invier\u00e0 la multa a Moreno Renting, che non pagher\u00e0 la sanzione ma provveder\u00e0 a comunicare i dati dell\u2019intestatario del contratto di noleggio all\u2019Autorit\u00e0. Il verbale verr\u00e0 rinotificato all\u2019intestatario del contratto.<\/p>\n<p>La Moreno Renting notificher\u00e0 comunque i dettagli dell\u2019infrazione a mezzo mail.<\/p>\n    <\/div><\/div>\n    <\/div>    <\/section>\n<\/div>\n<\/div>\n<div class=\"container mx-auto\">\n\n\t<div class=\"cardfull-pagina \" id=\"block_43737522e60f633fd696cc0bc1149e31\">\n\t\t<div class=\"img_sfondo_card gradient-img\"><img loading=\"lazy\" decoding=\"async\" width=\"2560\" height=\"1107\" src=\"https:\/\/www.morenorenting.it\/wp-content\/uploads\/2023\/08\/screenshot-2023-05-11-alle-12-01-23@3x-scaled.webp\" class=\"attachment-full size-full\" alt=\"flotta moreno renting\" srcset=\"https:\/\/www.morenorenting.it\/wp-content\/uploads\/2023\/08\/screenshot-2023-05-11-alle-12-01-23@3x-scaled.webp 2560w, https:\/\/www.morenorenting.it\/wp-content\/uploads\/2023\/08\/screenshot-2023-05-11-alle-12-01-23@3x-300x130.webp 300w, https:\/\/www.morenorenting.it\/wp-content\/uploads\/2023\/08\/screenshot-2023-05-11-alle-12-01-23@3x-1024x443.webp 1024w, https:\/\/www.morenorenting.it\/wp-content\/uploads\/2023\/08\/screenshot-2023-05-11-alle-12-01-23@3x-768x332.webp 768w, https:\/\/www.morenorenting.it\/wp-content\/uploads\/2023\/08\/screenshot-2023-05-11-alle-12-01-23@3x-1536x664.webp 1536w, https:\/\/www.morenorenting.it\/wp-content\/uploads\/2023\/08\/screenshot-2023-05-11-alle-12-01-23@3x-2048x886.webp 2048w\" sizes=\"auto, (max-width: 2560px) 100vw, 2560px\" \/><\/div>\n\t<div class=\"inner-text\">\n\t\t<div class=\"lg:w-1\/2\"><h2><strong>Il valore della consulenza<\/strong><\/h2>\n<p>Hai ancora qualche dubbio rispetto al veicolo ideale e al noleggio? Contattaci e raccontaci le tue esigenze, ti guideremo vero la scelta del veicolo pi\u00f9 adatto.<\/p>\n<p><a class=\"bt btn-grey\" href=\"https:\/\/www.morenorenting.it\/it\/contatti\/\">Pronto a partire<\/a><\/p>\n<\/div>\n\t<\/div>\n\t<div class=\"contcircle -left-[700px] bottom-[200px]\">\n<div class=\"anicircle\">\n<svg id=\"circle\" version=\"1.1\" xmlns=\"http:\/\/www.w3.org\/2000\/svg\" xmlns:xlink=\"http:\/\/www.w3.org\/1999\/xlink\" x=\"0px\" y=\"0px\" viewBox=\"0 0 680 680\" style=\"enable-background:new 0 0 680 680;\" xml:space=\"preserve\">\n<circle cx=\"340\" cy=\"340\" r=\"280\"\/>\n<\/svg>\n<\/div>\n<\/div>\n\n\t <\/div>\n\n<div class=\"contcircle w-[450px] right-0 -bottom-[600px]\">\n<div class=\"anicircle\">\n<svg id=\"circle\" version=\"1.1\" xmlns=\"http:\/\/www.w3.org\/2000\/svg\" xmlns:xlink=\"http:\/\/www.w3.org\/1999\/xlink\" x=\"0px\" y=\"0px\" viewBox=\"0 0 680 680\" style=\"enable-background:new 0 0 680 680;\" xml:space=\"preserve\">\n<circle cx=\"340\" cy=\"340\" r=\"280\"\/>\n<\/svg>\n<\/div>\n<\/div>\n","protected":false},"excerpt":{"rendered":"","protected":false},"author":2,"featured_media":0,"parent":0,"menu_order":0,"comment_status":"closed","ping_status":"closed","template":"","meta":{"_acf_changed":false,"footnotes":""},"class_list":["post-23","page","type-page","status-publish","hentry"],"acf":[],"yoast_head":"<!-- This site is optimized with the Yoast SEO plugin v27.1.1 - https:\/\/yoast.com\/product\/yoast-seo-wordpress\/ -->\n<title>FAQ - Domande frequenti - Moreno Renting<\/title>\n<meta name=\"description\" content=\"Visita la nostra sezione FAQ dove troverai le risposte alle domande pi\u00f9 frequenti relative ai servizi offerti da Moreno Renting.\" \/>\n<meta name=\"robots\" content=\"index, follow, max-snippet:-1, max-image-preview:large, max-video-preview:-1\" \/>\n<link rel=\"canonical\" href=\"https:\/\/www.morenorenting.it\/it\/faq\/\" \/>\n<meta property=\"og:locale\" content=\"it_IT\" \/>\n<meta property=\"og:type\" content=\"article\" \/>\n<meta property=\"og:title\" content=\"FAQ - Domande frequenti - Moreno Renting\" \/>\n<meta property=\"og:description\" content=\"Visita la nostra sezione FAQ dove troverai le risposte alle domande pi\u00f9 frequenti relative ai servizi offerti da Moreno Renting.\" \/>\n<meta property=\"og:url\" content=\"https:\/\/www.morenorenting.it\/it\/faq\/\" \/>\n<meta property=\"og:site_name\" content=\"Moreno Renting\" \/>\n<meta property=\"article:modified_time\" content=\"2023-09-25T08:41:46+00:00\" \/>\n<meta name=\"twitter:card\" content=\"summary_large_image\" \/>\n<meta name=\"twitter:label1\" content=\"Tempo di lettura stimato\" \/>\n\t<meta name=\"twitter:data1\" content=\"1 minuto\" \/>\n<script type=\"application\/ld+json\" class=\"yoast-schema-graph\">{\"@context\":\"https:\/\/schema.org\",\"@graph\":[{\"@type\":\"WebPage\",\"@id\":\"https:\/\/www.morenorenting.it\/it\/faq\/\",\"url\":\"https:\/\/www.morenorenting.it\/it\/faq\/\",\"name\":\"FAQ - Domande frequenti - Moreno Renting\",\"isPartOf\":{\"@id\":\"https:\/\/www.morenorenting.it\/it\/#website\"},\"datePublished\":\"2023-08-05T08:34:43+00:00\",\"dateModified\":\"2023-09-25T08:41:46+00:00\",\"description\":\"Visita la nostra sezione FAQ dove troverai le risposte alle domande pi\u00f9 frequenti relative ai servizi offerti da Moreno Renting.\",\"inLanguage\":\"it-IT\",\"potentialAction\":[{\"@type\":\"ReadAction\",\"target\":[\"https:\/\/www.morenorenting.it\/it\/faq\/\"]}]},{\"@type\":\"WebSite\",\"@id\":\"https:\/\/www.morenorenting.it\/it\/#website\",\"url\":\"https:\/\/www.morenorenting.it\/it\/\",\"name\":\"Moreno Renting\",\"description\":\"\",\"publisher\":{\"@id\":\"https:\/\/www.morenorenting.it\/it\/#organization\"},\"potentialAction\":[{\"@type\":\"SearchAction\",\"target\":{\"@type\":\"EntryPoint\",\"urlTemplate\":\"https:\/\/www.morenorenting.it\/it\/?s={search_term_string}\"},\"query-input\":{\"@type\":\"PropertyValueSpecification\",\"valueRequired\":true,\"valueName\":\"search_term_string\"}}],\"inLanguage\":\"it-IT\"},{\"@type\":\"Organization\",\"@id\":\"https:\/\/www.morenorenting.it\/it\/#organization\",\"name\":\"Moreno Renting\",\"url\":\"https:\/\/www.morenorenting.it\/it\/\",\"logo\":{\"@type\":\"ImageObject\",\"inLanguage\":\"it-IT\",\"@id\":\"https:\/\/www.morenorenting.it\/it\/#\/schema\/logo\/image\/\",\"url\":\"https:\/\/www.morenorenting.it\/wp-content\/uploads\/2023\/08\/moreno-renting-logo.svg\",\"contentUrl\":\"https:\/\/www.morenorenting.it\/wp-content\/uploads\/2023\/08\/moreno-renting-logo.svg\",\"caption\":\"Moreno Renting\"},\"image\":{\"@id\":\"https:\/\/www.morenorenting.it\/it\/#\/schema\/logo\/image\/\"}}]}<\/script>\n<!-- \/ Yoast SEO plugin. -->","yoast_head_json":{"title":"FAQ - Domande frequenti - Moreno Renting","description":"Visita la nostra sezione FAQ dove troverai le risposte alle domande pi\u00f9 frequenti relative ai servizi offerti da Moreno Renting.","robots":{"index":"index","follow":"follow","max-snippet":"max-snippet:-1","max-image-preview":"max-image-preview:large","max-video-preview":"max-video-preview:-1"},"canonical":"https:\/\/www.morenorenting.it\/it\/faq\/","og_locale":"it_IT","og_type":"article","og_title":"FAQ - Domande frequenti - Moreno Renting","og_description":"Visita la nostra sezione FAQ dove troverai le risposte alle domande pi\u00f9 frequenti relative ai servizi offerti da Moreno Renting.","og_url":"https:\/\/www.morenorenting.it\/it\/faq\/","og_site_name":"Moreno Renting","article_modified_time":"2023-09-25T08:41:46+00:00","twitter_card":"summary_large_image","twitter_misc":{"Tempo di lettura stimato":"1 minuto"},"schema":{"@context":"https:\/\/schema.org","@graph":[{"@type":"WebPage","@id":"https:\/\/www.morenorenting.it\/it\/faq\/","url":"https:\/\/www.morenorenting.it\/it\/faq\/","name":"FAQ - Domande frequenti - Moreno Renting","isPartOf":{"@id":"https:\/\/www.morenorenting.it\/it\/#website"},"datePublished":"2023-08-05T08:34:43+00:00","dateModified":"2023-09-25T08:41:46+00:00","description":"Visita la nostra sezione FAQ dove troverai le risposte alle domande pi\u00f9 frequenti relative ai servizi offerti da Moreno Renting.","inLanguage":"it-IT","potentialAction":[{"@type":"ReadAction","target":["https:\/\/www.morenorenting.it\/it\/faq\/"]}]},{"@type":"WebSite","@id":"https:\/\/www.morenorenting.it\/it\/#website","url":"https:\/\/www.morenorenting.it\/it\/","name":"Moreno Renting","description":"","publisher":{"@id":"https:\/\/www.morenorenting.it\/it\/#organization"},"potentialAction":[{"@type":"SearchAction","target":{"@type":"EntryPoint","urlTemplate":"https:\/\/www.morenorenting.it\/it\/?s={search_term_string}"},"query-input":{"@type":"PropertyValueSpecification","valueRequired":true,"valueName":"search_term_string"}}],"inLanguage":"it-IT"},{"@type":"Organization","@id":"https:\/\/www.morenorenting.it\/it\/#organization","name":"Moreno Renting","url":"https:\/\/www.morenorenting.it\/it\/","logo":{"@type":"ImageObject","inLanguage":"it-IT","@id":"https:\/\/www.morenorenting.it\/it\/#\/schema\/logo\/image\/","url":"https:\/\/www.morenorenting.it\/wp-content\/uploads\/2023\/08\/moreno-renting-logo.svg","contentUrl":"https:\/\/www.morenorenting.it\/wp-content\/uploads\/2023\/08\/moreno-renting-logo.svg","caption":"Moreno Renting"},"image":{"@id":"https:\/\/www.morenorenting.it\/it\/#\/schema\/logo\/image\/"}}]}},"_links":{"self":[{"href":"https:\/\/www.morenorenting.it\/it\/wp-json\/wp\/v2\/pages\/23","targetHints":{"allow":["GET"]}}],"collection":[{"href":"https:\/\/www.morenorenting.it\/it\/wp-json\/wp\/v2\/pages"}],"about":[{"href":"https:\/\/www.morenorenting.it\/it\/wp-json\/wp\/v2\/types\/page"}],"author":[{"embeddable":true,"href":"https:\/\/www.morenorenting.it\/it\/wp-json\/wp\/v2\/users\/2"}],"replies":[{"embeddable":true,"href":"https:\/\/www.morenorenting.it\/it\/wp-json\/wp\/v2\/comments?post=23"}],"version-history":[{"count":5,"href":"https:\/\/www.morenorenting.it\/it\/wp-json\/wp\/v2\/pages\/23\/revisions"}],"predecessor-version":[{"id":1040,"href":"https:\/\/www.morenorenting.it\/it\/wp-json\/wp\/v2\/pages\/23\/revisions\/1040"}],"wp:attachment":[{"href":"https:\/\/www.morenorenting.it\/it\/wp-json\/wp\/v2\/media?parent=23"}],"curies":[{"name":"wp","href":"https:\/\/api.w.org\/{rel}","templated":true}]}}